{"id":33,"date":"2023-04-10T06:25:17","date_gmt":"2023-04-10T08:25:17","guid":{"rendered":"https:\/\/www.rekolantyovaenyhdistys.fi\/?page_id=33"},"modified":"2025-10-06T05:07:25","modified_gmt":"2025-10-06T07:07:25","slug":"vantaa-kerava-hyvinvointialue","status":"publish","type":"page","link":"https:\/\/www.rekolantyovaenyhdistys.fi\/?page_id=33","title":{"rendered":"Vantaa-Kerava hyvinvointialue 2025-2029"},"content":{"rendered":"\n<p><strong>Aluevaltuusto<\/strong><\/p>\n\n\n\n<p>aluevaltuutettu Tuija Haapalainen<\/p>\n\n\n\n<p><strong>Tarkastuslautakunta<\/strong><\/p>\n\n\n\n<p>j\u00e4sen Tuija Haapalainen<\/p>\n\n\n\n<p><strong>L\u00e4hidemokratia- ja osallisuuslautakunta<\/strong><\/p>\n\n\n\n<p>j\u00e4sen Mika Oja<\/p>\n\n\n\n<p><strong>HUS Tutkimus-, Koulutus-, Kehitt\u00e4mis- ja Innovaatiolautakunta<\/strong><\/p>\n\n\n\n<p>j\u00e4sen Jyrki Riikonen<\/p>\n","protected":false},"excerpt":{"rendered":"<div class=\"mh-excerpt\"><p>Aluevaltuusto aluevaltuutettu Tuija Haapalainen Tarkastuslautakunta j\u00e4sen Tuija Haapalainen L\u00e4hidemokratia- ja osallisuuslautakunta j\u00e4sen Mika Oja HUS Tutkimus-, Koulutus-, Kehitt\u00e4mis- ja Innovaatiolautakunta j\u00e4sen Jyrki Riikonen<\/p>\n<\/div>","protected":false},"author":1,"featured_media":0,"parent":0,"menu_order":0,"comment_status":"closed","ping_status":"closed","template":"","meta":{"footnotes":""},"class_list":["post-33","page","type-page","status-publish"],"_links":{"self":[{"href":"https:\/\/www.rekolantyovaenyhdistys.fi\/index.php?rest_route=\/wp\/v2\/pages\/33","targetHints":{"allow":["GET"]}}],"collection":[{"href":"https:\/\/www.rekolantyovaenyhdistys.fi\/index.php?rest_route=\/wp\/v2\/pages"}],"about":[{"href":"https:\/\/www.rekolantyovaenyhdistys.fi\/index.php?rest_route=\/wp\/v2\/types\/page"}],"author":[{"embeddable":true,"href":"https:\/\/www.rekolantyovaenyhdistys.fi\/index.php?rest_route=\/wp\/v2\/users\/1"}],"replies":[{"embeddable":true,"href":"https:\/\/www.rekolantyovaenyhdistys.fi\/index.php?rest_route=%2Fwp%2Fv2%2Fcomments&post=33"}],"version-history":[{"count":3,"href":"https:\/\/www.rekolantyovaenyhdistys.fi\/index.php?rest_route=\/wp\/v2\/pages\/33\/revisions"}],"predecessor-version":[{"id":215,"href":"https:\/\/www.rekolantyovaenyhdistys.fi\/index.php?rest_route=\/wp\/v2\/pages\/33\/revisions\/215"}],"wp:attachment":[{"href":"https:\/\/www.rekolantyovaenyhdistys.fi\/index.php?rest_route=%2Fwp%2Fv2%2Fmedia&parent=33"}],"curies":[{"name":"wp","href":"https:\/\/api.w.org\/{rel}","templated":true}]}}