{"id":26,"date":"2023-04-10T06:25:17","date_gmt":"2023-04-10T08:25:17","guid":{"rendered":"https:\/\/www.rekolantyovaenyhdistys.fi\/?page_id=26"},"modified":"2025-04-03T17:38:11","modified_gmt":"2025-04-03T19:38:11","slug":"vaalit","status":"publish","type":"page","link":"https:\/\/www.rekolantyovaenyhdistys.fi\/?page_id=26","title":{"rendered":"Kunta- ja aluevaalit"},"content":{"rendered":"\n<h1 class=\"wp-block-heading\">Kunta- ja aluevaalit 2025<\/h1>\n\n\n\n<p>Kuntavaalit ja aluevaalit j\u00e4rjestet\u00e4\u00e4n samanaikaisesti. Ennakko\u00e4\u00e4nestys toimitetaan 2.-8.4.2025 ja varsinainen vaalip\u00e4iv\u00e4 on sunnuntaina 13.4.2025. <\/p>\n\n\n\n<p>\u00c4\u00e4nest\u00e4m\u00e4ll\u00e4 vaikutat siihen, ketk\u00e4 p\u00e4\u00e4tt\u00e4v\u00e4t t\u00e4rkeist\u00e4, jokaisen arkea koskevista asioista seuraavat nelj\u00e4 vuotta.<\/p>\n\n\n\n<ul class=\"wp-block-list\">\n<li>Kuntavaaleissa valitaan valtuutetut kuntien&nbsp;valtuustoihin, jotka&nbsp;p\u00e4\u00e4tt\u00e4v\u00e4t kunnan toiminnasta ja taloudesta.&nbsp;<\/li>\n\n\n\n<li>Aluevaaleissa valitaan valtuutetut aluevaltuustoihin, jotka vastaavat\u00a0hyvinvointialueiden sosiaali- ja terveyspalveluiden sek\u00e4 pelastustoimen j\u00e4rjest\u00e4misest\u00e4.<\/li>\n<\/ul>\n\n\n\n<p>Rekolan Ty\u00f6v\u00e4enyhdistyksen ehdokkat kunta- ja aluevaaleissa. Ehdokkaiden esittelyt l\u00f6yd\u00e4t yhteiskuvan alta.<\/p>\n\n\n\n<figure class=\"wp-block-image size-large\"><img loading=\"lazy\" decoding=\"async\" width=\"1024\" height=\"671\" src=\"https:\/\/www.rekolantyovaenyhdistys.fi\/wp-content\/uploads\/2025\/04\/Lorem-ipsum-dolor-sit-amet-1024x671.png\" alt=\"\" class=\"wp-image-193\" srcset=\"https:\/\/www.rekolantyovaenyhdistys.fi\/wp-content\/uploads\/2025\/04\/Lorem-ipsum-dolor-sit-amet-1024x671.png 1024w, https:\/\/www.rekolantyovaenyhdistys.fi\/wp-content\/uploads\/2025\/04\/Lorem-ipsum-dolor-sit-amet-300x197.png 300w, https:\/\/www.rekolantyovaenyhdistys.fi\/wp-content\/uploads\/2025\/04\/Lorem-ipsum-dolor-sit-amet-768x503.png 768w, https:\/\/www.rekolantyovaenyhdistys.fi\/wp-content\/uploads\/2025\/04\/Lorem-ipsum-dolor-sit-amet-1536x1006.png 1536w, https:\/\/www.rekolantyovaenyhdistys.fi\/wp-content\/uploads\/2025\/04\/Lorem-ipsum-dolor-sit-amet.png 2000w\" sizes=\"auto, (max-width: 1024px) 100vw, 1024px\" \/><\/figure>\n\n\n\n<hr class=\"wp-block-separator has-alpha-channel-opacity\"\/>\n\n\n\n<figure class=\"wp-block-gallery has-nested-images columns-default is-cropped wp-block-gallery-1 is-layout-flex wp-block-gallery-is-layout-flex\">\n<figure class=\"wp-block-image size-large\"><img loading=\"lazy\" decoding=\"async\" width=\"819\" height=\"1024\" data-id=\"202\" src=\"https:\/\/www.rekolantyovaenyhdistys.fi\/wp-content\/uploads\/2025\/04\/Esittely-1.-Tuija-819x1024.png\" alt=\"\" class=\"wp-image-202\" srcset=\"https:\/\/www.rekolantyovaenyhdistys.fi\/wp-content\/uploads\/2025\/04\/Esittely-1.-Tuija-819x1024.png 819w, https:\/\/www.rekolantyovaenyhdistys.fi\/wp-content\/uploads\/2025\/04\/Esittely-1.-Tuija-240x300.png 240w, https:\/\/www.rekolantyovaenyhdistys.fi\/wp-content\/uploads\/2025\/04\/Esittely-1.-Tuija-768x960.png 768w, https:\/\/www.rekolantyovaenyhdistys.fi\/wp-content\/uploads\/2025\/04\/Esittely-1.-Tuija.png 1080w\" sizes=\"auto, (max-width: 819px) 100vw, 819px\" \/><\/figure>\n\n\n\n<figure class=\"wp-block-image size-large\"><img loading=\"lazy\" decoding=\"async\" width=\"819\" height=\"1024\" data-id=\"204\" src=\"https:\/\/www.rekolantyovaenyhdistys.fi\/wp-content\/uploads\/2025\/04\/Esittely-2.-Joni-819x1024.png\" alt=\"\" class=\"wp-image-204\" srcset=\"https:\/\/www.rekolantyovaenyhdistys.fi\/wp-content\/uploads\/2025\/04\/Esittely-2.-Joni-819x1024.png 819w, https:\/\/www.rekolantyovaenyhdistys.fi\/wp-content\/uploads\/2025\/04\/Esittely-2.-Joni-240x300.png 240w, https:\/\/www.rekolantyovaenyhdistys.fi\/wp-content\/uploads\/2025\/04\/Esittely-2.-Joni-768x960.png 768w, https:\/\/www.rekolantyovaenyhdistys.fi\/wp-content\/uploads\/2025\/04\/Esittely-2.-Joni.png 1080w\" sizes=\"auto, (max-width: 819px) 100vw, 819px\" \/><\/figure>\n\n\n\n<figure class=\"wp-block-image size-large\"><img loading=\"lazy\" decoding=\"async\" width=\"819\" height=\"1024\" data-id=\"203\" src=\"https:\/\/www.rekolantyovaenyhdistys.fi\/wp-content\/uploads\/2025\/04\/Esittely-3.-Ray-819x1024.png\" alt=\"\" class=\"wp-image-203\" srcset=\"https:\/\/www.rekolantyovaenyhdistys.fi\/wp-content\/uploads\/2025\/04\/Esittely-3.-Ray-819x1024.png 819w, https:\/\/www.rekolantyovaenyhdistys.fi\/wp-content\/uploads\/2025\/04\/Esittely-3.-Ray-240x300.png 240w, https:\/\/www.rekolantyovaenyhdistys.fi\/wp-content\/uploads\/2025\/04\/Esittely-3.-Ray-768x960.png 768w, https:\/\/www.rekolantyovaenyhdistys.fi\/wp-content\/uploads\/2025\/04\/Esittely-3.-Ray.png 1080w\" sizes=\"auto, (max-width: 819px) 100vw, 819px\" \/><\/figure>\n\n\n\n<figure class=\"wp-block-image size-large\"><img loading=\"lazy\" decoding=\"async\" width=\"819\" height=\"1024\" data-id=\"205\" src=\"https:\/\/www.rekolantyovaenyhdistys.fi\/wp-content\/uploads\/2025\/04\/Esittely-4.-Mika-819x1024.png\" alt=\"\" class=\"wp-image-205\" srcset=\"https:\/\/www.rekolantyovaenyhdistys.fi\/wp-content\/uploads\/2025\/04\/Esittely-4.-Mika-819x1024.png 819w, https:\/\/www.rekolantyovaenyhdistys.fi\/wp-content\/uploads\/2025\/04\/Esittely-4.-Mika-240x300.png 240w, https:\/\/www.rekolantyovaenyhdistys.fi\/wp-content\/uploads\/2025\/04\/Esittely-4.-Mika-768x960.png 768w, https:\/\/www.rekolantyovaenyhdistys.fi\/wp-content\/uploads\/2025\/04\/Esittely-4.-Mika.png 1080w\" sizes=\"auto, (max-width: 819px) 100vw, 819px\" \/><\/figure>\n\n\n\n<figure class=\"wp-block-image size-large\"><img loading=\"lazy\" decoding=\"async\" width=\"819\" height=\"1024\" data-id=\"206\" src=\"https:\/\/www.rekolantyovaenyhdistys.fi\/wp-content\/uploads\/2025\/04\/Esittely-5.-Jyrki-819x1024.png\" alt=\"\" class=\"wp-image-206\" srcset=\"https:\/\/www.rekolantyovaenyhdistys.fi\/wp-content\/uploads\/2025\/04\/Esittely-5.-Jyrki-819x1024.png 819w, https:\/\/www.rekolantyovaenyhdistys.fi\/wp-content\/uploads\/2025\/04\/Esittely-5.-Jyrki-240x300.png 240w, https:\/\/www.rekolantyovaenyhdistys.fi\/wp-content\/uploads\/2025\/04\/Esittely-5.-Jyrki-768x960.png 768w, https:\/\/www.rekolantyovaenyhdistys.fi\/wp-content\/uploads\/2025\/04\/Esittely-5.-Jyrki.png 1080w\" sizes=\"auto, (max-width: 819px) 100vw, 819px\" \/><\/figure>\n\n\n\n<figure class=\"wp-block-image size-large\"><img loading=\"lazy\" decoding=\"async\" width=\"819\" height=\"1024\" data-id=\"207\" src=\"https:\/\/www.rekolantyovaenyhdistys.fi\/wp-content\/uploads\/2025\/04\/Esittely-6.-Nina-819x1024.png\" alt=\"\" class=\"wp-image-207\" srcset=\"https:\/\/www.rekolantyovaenyhdistys.fi\/wp-content\/uploads\/2025\/04\/Esittely-6.-Nina-819x1024.png 819w, https:\/\/www.rekolantyovaenyhdistys.fi\/wp-content\/uploads\/2025\/04\/Esittely-6.-Nina-240x300.png 240w, https:\/\/www.rekolantyovaenyhdistys.fi\/wp-content\/uploads\/2025\/04\/Esittely-6.-Nina-768x960.png 768w, https:\/\/www.rekolantyovaenyhdistys.fi\/wp-content\/uploads\/2025\/04\/Esittely-6.-Nina.png 1080w\" sizes=\"auto, (max-width: 819px) 100vw, 819px\" \/><\/figure>\n<\/figure>\n","protected":false},"excerpt":{"rendered":"<div class=\"mh-excerpt\"><p>Kunta- ja aluevaalit 2025 Kuntavaalit ja aluevaalit j\u00e4rjestet\u00e4\u00e4n samanaikaisesti. Ennakko\u00e4\u00e4nestys toimitetaan 2.-8.4.2025 ja varsinainen vaalip\u00e4iv\u00e4 on sunnuntaina 13.4.2025. \u00c4\u00e4nest\u00e4m\u00e4ll\u00e4 vaikutat siihen, ketk\u00e4 p\u00e4\u00e4tt\u00e4v\u00e4t t\u00e4rkeist\u00e4, jokaisen arkea koskevista asioista seuraavat nelj\u00e4 vuotta. Rekolan Ty\u00f6v\u00e4enyhdistyksen ehdokkat kunta- <a class=\"mh-excerpt-more\" href=\"https:\/\/www.rekolantyovaenyhdistys.fi\/?page_id=26\" title=\"Kunta- ja aluevaalit\">[&#8230;]<\/a><\/p>\n<\/div>","protected":false},"author":1,"featured_media":0,"parent":0,"menu_order":0,"comment_status":"closed","ping_status":"closed","template":"","meta":{"footnotes":""},"class_list":["post-26","page","type-page","status-publish"],"_links":{"self":[{"href":"https:\/\/www.rekolantyovaenyhdistys.fi\/index.php?rest_route=\/wp\/v2\/pages\/26","targetHints":{"allow":["GET"]}}],"collection":[{"href":"https:\/\/www.rekolantyovaenyhdistys.fi\/index.php?rest_route=\/wp\/v2\/pages"}],"about":[{"href":"https:\/\/www.rekolantyovaenyhdistys.fi\/index.php?rest_route=\/wp\/v2\/types\/page"}],"author":[{"embeddable":true,"href":"https:\/\/www.rekolantyovaenyhdistys.fi\/index.php?rest_route=\/wp\/v2\/users\/1"}],"replies":[{"embeddable":true,"href":"https:\/\/www.rekolantyovaenyhdistys.fi\/index.php?rest_route=%2Fwp%2Fv2%2Fcomments&post=26"}],"version-history":[{"count":7,"href":"https:\/\/www.rekolantyovaenyhdistys.fi\/index.php?rest_route=\/wp\/v2\/pages\/26\/revisions"}],"predecessor-version":[{"id":210,"href":"https:\/\/www.rekolantyovaenyhdistys.fi\/index.php?rest_route=\/wp\/v2\/pages\/26\/revisions\/210"}],"wp:attachment":[{"href":"https:\/\/www.rekolantyovaenyhdistys.fi\/index.php?rest_route=%2Fwp%2Fv2%2Fmedia&parent=26"}],"curies":[{"name":"wp","href":"https:\/\/api.w.org\/{rel}","templated":true}]}}