{"id":25,"date":"2023-04-10T06:25:17","date_gmt":"2023-04-10T08:25:17","guid":{"rendered":"https:\/\/www.rekolantyovaenyhdistys.fi\/?page_id=25"},"modified":"2024-12-15T11:54:07","modified_gmt":"2024-12-15T13:54:07","slug":"yhteystiedot","status":"publish","type":"page","link":"https:\/\/www.rekolantyovaenyhdistys.fi\/?page_id=25","title":{"rendered":"Yhteystiedot"},"content":{"rendered":"\n<figure class=\"wp-block-image size-large\"><img loading=\"lazy\" decoding=\"async\" width=\"1024\" height=\"461\" src=\"https:\/\/www.rekolantyovaenyhdistys.fi\/wp-content\/uploads\/2023\/01\/Tyovis-1024x461.jpg\" alt=\"\" class=\"wp-image-16\" srcset=\"https:\/\/www.rekolantyovaenyhdistys.fi\/wp-content\/uploads\/2023\/01\/Tyovis-1024x461.jpg 1024w, https:\/\/www.rekolantyovaenyhdistys.fi\/wp-content\/uploads\/2023\/01\/Tyovis-300x135.jpg 300w, https:\/\/www.rekolantyovaenyhdistys.fi\/wp-content\/uploads\/2023\/01\/Tyovis-768x346.jpg 768w, https:\/\/www.rekolantyovaenyhdistys.fi\/wp-content\/uploads\/2023\/01\/Tyovis-1536x691.jpg 1536w, https:\/\/www.rekolantyovaenyhdistys.fi\/wp-content\/uploads\/2023\/01\/Tyovis.jpg 1600w\" sizes=\"auto, (max-width: 1024px) 100vw, 1024px\" \/><\/figure>\n\n\n\n<p>Osoite: Rekolantie 43, 01400 Vantaa<\/p>\n\n\n\n<p>S\u00e4hk\u00f6posti: info(a)rekolantyovaenyhdistys.fi<\/p>\n\n\n\n<p>Yhteyshenkil\u00f6: Osmo K\u00e4hk\u00f6nen, puheenjohtaja, +358 50 556 7036 tai puheenjohtaja(a)rekolantyovaenyhdistys.fi<\/p>\n\n\n\n<p>J\u00e4senasiat: Ray Mets\u00e4l\u00e4, jasenasiat(a)rekolantyovaenyhdistys.fi<\/p>\n\n\n\n<p><a href=\"https:\/\/www.rekolantyovaenyhdistys.fi\/?page_id=30\" data-type=\"URL\" data-id=\"https:\/\/www.rekolantyovaenyhdistys.fi\/?page_id=30\">Johtokunta<\/a><\/p>\n","protected":false},"excerpt":{"rendered":"<div class=\"mh-excerpt\"><p>Osoite: Rekolantie 43, 01400 Vantaa S\u00e4hk\u00f6posti: info(a)rekolantyovaenyhdistys.fi Yhteyshenkil\u00f6: Osmo K\u00e4hk\u00f6nen, puheenjohtaja, +358 50 556 7036 tai puheenjohtaja(a)rekolantyovaenyhdistys.fi J\u00e4senasiat: Ray Mets\u00e4l\u00e4, jasenasiat(a)rekolantyovaenyhdistys.fi Johtokunta<\/p>\n<\/div>","protected":false},"author":1,"featured_media":0,"parent":0,"menu_order":0,"comment_status":"closed","ping_status":"closed","template":"","meta":{"footnotes":""},"class_list":["post-25","page","type-page","status-publish"],"_links":{"self":[{"href":"https:\/\/www.rekolantyovaenyhdistys.fi\/index.php?rest_route=\/wp\/v2\/pages\/25","targetHints":{"allow":["GET"]}}],"collection":[{"href":"https:\/\/www.rekolantyovaenyhdistys.fi\/index.php?rest_route=\/wp\/v2\/pages"}],"about":[{"href":"https:\/\/www.rekolantyovaenyhdistys.fi\/index.php?rest_route=\/wp\/v2\/types\/page"}],"author":[{"embeddable":true,"href":"https:\/\/www.rekolantyovaenyhdistys.fi\/index.php?rest_route=\/wp\/v2\/users\/1"}],"replies":[{"embeddable":true,"href":"https:\/\/www.rekolantyovaenyhdistys.fi\/index.php?rest_route=%2Fwp%2Fv2%2Fcomments&post=25"}],"version-history":[{"count":6,"href":"https:\/\/www.rekolantyovaenyhdistys.fi\/index.php?rest_route=\/wp\/v2\/pages\/25\/revisions"}],"predecessor-version":[{"id":159,"href":"https:\/\/www.rekolantyovaenyhdistys.fi\/index.php?rest_route=\/wp\/v2\/pages\/25\/revisions\/159"}],"wp:attachment":[{"href":"https:\/\/www.rekolantyovaenyhdistys.fi\/index.php?rest_route=%2Fwp%2Fv2%2Fmedia&parent=25"}],"curies":[{"name":"wp","href":"https:\/\/api.w.org\/{rel}","templated":true}]}}